{"id":10024,"date":"2019-05-02T11:34:17","date_gmt":"2019-05-02T09:34:17","guid":{"rendered":"http:\/\/smashdabup.com\/eventband-berlin-kopieren\/"},"modified":"2025-12-27T13:43:08","modified_gmt":"2025-12-27T12:43:08","slug":"galaband-berlin","status":"publish","type":"page","link":"https:\/\/smashdabup.com\/en\/galaband-berlin\/","title":{"rendered":"Galaband Berlin"},"content":{"rendered":"\n<p>Smashdab Up!<br \/>\nDie Band f\u00fcr gro\u00dfe Galas \t\t\t\t<\/p>\n<p>Highlight Live-Musik Jede gro\u00dfe Gala, jede gro\u00dfe Feier, jede Show verdient ein wichtiges Highlight: Livemusik.<\/p>\n<p>Ihr Publikum, Ihre Kunden und Ihre G\u00e4ste sollen etwas Unvergessliches erleben.<\/p>\n<p>Ein hochqualitativer Show-Block einer Live-Band auf Ihrer Gala setzt Akzente.<br \/>\nProfessionalit\u00e4t, kulturelles Gesp\u00fcr und das gro\u00dfe Showgesch\u00e4ft zeigen sich so von seiner besten Seite.<\/p>\n<p>Exklusivit\u00e4t Niveau <\/p>\n<p>Die Galaband Smashdab Up! bringt Ihnen genau diese Exklusivit\u00e4t, die Power und genau das richtige Gesp\u00fcr daf\u00fcr.<\/p>\n<p>Die beste Band f\u00fcr Ihr Event sollte auf h\u00f6chstem Niveau performen, die gro\u00dfe Geste beherrschen und durch ihre Klasse Ihr Publikum begeistern.<\/p>\n<p>WiedererkennbareHits Die Musik muss h\u00f6chstes Niveau zeigen, der Sound muss modern und kraftvoll sein.<\/p>\n<p>Sofort wiedererkennbare Hits in Perfektion sind der Schl\u00fcssel dazu.<\/p>\n<p>Smashdab Up! hat die Klasse, die Power, und die musikalische Fertigkeit, denn die Mitglieder der Band sind Absolventen der besten Musikhochschulen weltweit.<\/p>\n<p>Einzigartiges Klangerlebnis Smashdab Up! hat ein Alleinstellungsmerkmal: Die originalen aktuellen Sounds der Songs aus den Hit-Listen im Radio und dem Internet.<br \/>\nDiese Sounds werden durch extra entwickelte Electronics aus der DJ-Welt erreicht, die sogenannten DJ-Tools.<br \/>\nDiese Tools wurden exklusiv f\u00fcr Smashdab Up! entwickelt und sorgen f\u00fcr ein nie dagewesenes Klangerlebnis.<\/p>\n<p><a href=\"\/\">To Smashdab Up! <\/a><\/p>\n","protected":false},"excerpt":{"rendered":"<p class=\"excerpt\">Smashdab Up! Die Band f\u00fcr gro\u00dfe Galas Highlight Live-Musik Jede gro\u00dfe Gala, jede gro\u00dfe Feier, jede Show verdient ein wichtiges Highlight: Livemusik. Ihr Publikum, Ihre Kunden und Ihre G\u00e4ste sollen etwas Unvergessliches erleben. Ein hochqualitativer Show-Block einer Live-Band auf Ihrer Gala setzt Akzente. Professionalit\u00e4t, kulturelles Gesp\u00fcr und das gro\u00dfe Showgesch\u00e4ft zeigen sich so von seiner [&hellip;]<\/p>\n","protected":false},"author":1,"featured_media":0,"parent":0,"menu_order":0,"comment_status":"closed","ping_status":"closed","template":"builder.php","meta":{"footnotes":""},"class_list":["post-10024","page","type-page","status-publish","hentry"],"_links":{"self":[{"href":"https:\/\/smashdabup.com\/en\/wp-json\/wp\/v2\/pages\/10024","targetHints":{"allow":["GET"]}}],"collection":[{"href":"https:\/\/smashdabup.com\/en\/wp-json\/wp\/v2\/pages"}],"about":[{"href":"https:\/\/smashdabup.com\/en\/wp-json\/wp\/v2\/types\/page"}],"author":[{"embeddable":true,"href":"https:\/\/smashdabup.com\/en\/wp-json\/wp\/v2\/users\/1"}],"replies":[{"embeddable":true,"href":"https:\/\/smashdabup.com\/en\/wp-json\/wp\/v2\/comments?post=10024"}],"version-history":[{"count":14,"href":"https:\/\/smashdabup.com\/en\/wp-json\/wp\/v2\/pages\/10024\/revisions"}],"predecessor-version":[{"id":12227,"href":"https:\/\/smashdabup.com\/en\/wp-json\/wp\/v2\/pages\/10024\/revisions\/12227"}],"wp:attachment":[{"href":"https:\/\/smashdabup.com\/en\/wp-json\/wp\/v2\/media?parent=10024"}],"curies":[{"name":"wp","href":"https:\/\/api.w.org\/{rel}","templated":true}]}}