{"id":1455,"date":"2018-01-02T21:48:08","date_gmt":"2018-01-02T20:48:08","guid":{"rendered":"http:\/\/smashdabup.com\/partyband-und-eventband-aus-berlin-kopieren-3\/"},"modified":"2025-12-27T13:43:09","modified_gmt":"2025-12-27T12:43:09","slug":"top-40-band-berlin","status":"publish","type":"page","link":"https:\/\/smashdabup.com\/en\/top-40-band-berlin\/","title":{"rendered":"Top-40-Band Berlin"},"content":{"rendered":"<p>Smashdab Up!<br \/>\nDie Top-40-Band Sie w\u00fcnschen aktuelle Live-Musik f\u00fcr Ihre Party oder Ihr Event?<\/p>\n<p>Ihre<br \/>\nMusik Eine <a href=\"https:\/\/smashdabup.com\/galaband-berlin\/\">Live-Band<\/a>, die aktuelle Songs aus den Hit-Listen im Radio und dem Internet auf h\u00f6chstem Niveau spielt, braucht Power, musikalische Perfektion und die messerscharf aktuellsten Sounds.<\/p>\n<p>Unsere<br \/>\nQualit\u00e4t<br \/>\nDie Partyband Smashdab Up! hat all dies. Speziell unsere Song-Auswahl ist ein sehr gro\u00dfes Lineup der aktuellsten Produktionen, die jeder Ihrer G\u00e4ste bereits gut kennt.<br \/>\nImmerhin sollen Ihre G\u00e4ste etwas Unvergleichliches erleben.<\/p>\n<p>Instrumentales<br \/>\nK\u00f6nnen Die Instrumentalisten m\u00fcssen auf h\u00f6chstem Level performen, und vor allem der Sound muss aktuell und voller Power sein.<\/p>\n<p>Smashdab Up! benutzt ein nie dagewesenes technisches Konzept, um diesen Sound zu erreichen:<\/p>\n<p>Technisches<br \/>\nKonzept Extra entwickelte Electronics aus der DJ-Welt, die sogenannten DJ-Tools, sorgen f\u00fcr den fettesten Sound, den Sie auf einem Event je geh\u00f6rt haben.<\/p>\n<p>Diese Tools wurden exklusiv f\u00fcr Smashdab Up! entwickelt und sind einzigartig auf dem Segment der Top-40-Bands.<\/p>\n<p><a href=\"\/\">To Smashdab Up! <\/a><\/p>\n","protected":false},"excerpt":{"rendered":"<p class=\"excerpt\">Smashdab Up! Die Top-40-Band Sie w\u00fcnschen aktuelle Live-Musik f\u00fcr Ihre Party oder Ihr Event? Ihre Musik Eine Live-Band, die aktuelle Songs aus den Hit-Listen im Radio und dem Internet auf h\u00f6chstem Niveau spielt, braucht Power, musikalische Perfektion und die messerscharf aktuellsten Sounds. Unsere Qualit\u00e4t Die Partyband Smashdab Up! hat all dies. Speziell unsere Song-Auswahl ist [&hellip;]<\/p>\n","protected":false},"author":1,"featured_media":0,"parent":0,"menu_order":0,"comment_status":"closed","ping_status":"closed","template":"builder.php","meta":{"footnotes":""},"class_list":["post-1455","page","type-page","status-publish","hentry"],"_links":{"self":[{"href":"https:\/\/smashdabup.com\/en\/wp-json\/wp\/v2\/pages\/1455","targetHints":{"allow":["GET"]}}],"collection":[{"href":"https:\/\/smashdabup.com\/en\/wp-json\/wp\/v2\/pages"}],"about":[{"href":"https:\/\/smashdabup.com\/en\/wp-json\/wp\/v2\/types\/page"}],"author":[{"embeddable":true,"href":"https:\/\/smashdabup.com\/en\/wp-json\/wp\/v2\/users\/1"}],"replies":[{"embeddable":true,"href":"https:\/\/smashdabup.com\/en\/wp-json\/wp\/v2\/comments?post=1455"}],"version-history":[{"count":104,"href":"https:\/\/smashdabup.com\/en\/wp-json\/wp\/v2\/pages\/1455\/revisions"}],"predecessor-version":[{"id":12240,"href":"https:\/\/smashdabup.com\/en\/wp-json\/wp\/v2\/pages\/1455\/revisions\/12240"}],"wp:attachment":[{"href":"https:\/\/smashdabup.com\/en\/wp-json\/wp\/v2\/media?parent=1455"}],"curies":[{"name":"wp","href":"https:\/\/api.w.org\/{rel}","templated":true}]}}