{"id":2104,"date":"2018-01-04T22:02:15","date_gmt":"2018-01-04T21:02:15","guid":{"rendered":"http:\/\/smashdabup.com\/top-40-band-berlin-kopieren\/"},"modified":"2025-12-27T13:43:09","modified_gmt":"2025-12-27T12:43:09","slug":"eventband-berlin","status":"publish","type":"page","link":"https:\/\/smashdabup.com\/en\/eventband-berlin\/","title":{"rendered":"Eventband Berlin"},"content":{"rendered":"\n<p>Smashdab Up!<br \/>\nDie Band f\u00fcr Events und Firmenevents \t\t\t\t<\/p>\n<p>Highlight<br \/>\nLive-Musik Jedes gro\u00dfe Event, jede gro\u00dfe <a href=\"https:\/\/smashdabup.com\/hochzeitsband-berlin\/\">Feier<\/a>, Betriebsfeier, Weihnachtsfeier, <a href=\"https:\/\/smashdabup.com\/galaband-berlin\/\">Er\u00f6ffnung<\/a>, jedes Jubil\u00e4um verdient ein wichtiges Highlight: Livemusik.<\/p>\n<p>Ihre Kollegen, Ihre Mitarbeiter, Ihre Kunden und Ihre G\u00e4ste sollen sich schlie\u00dflich an ein unvergessliches Erlebnis zur\u00fcckerinnen.<\/p>\n<p>Auch im Rahmenprogramm zu Vortr\u00e4gen und Produktpr\u00e4sentationen unterstreicht professionelle Live-Musik Ihren Stil und Ihre Botschaft an Ihre Kunden und Freunde.<\/p>\n<p>Ihr<br \/>\ngutes Gesp\u00fcr<br \/>\nEine hochqualitative Live-Band dient nicht nur der Auflockerung, sondern setzt vielmehr ein Zeichen Ihres Gesp\u00fcrs f\u00fcr Ihre Kunden und G\u00e4ste. Immerhin geht es um die exklusive Demonstation Ihrer Idee, Ihres Produktes oder Ihrer Botschaft.<\/p>\n<p>Die Eventband Smashdab Up! bringt Ihnen genau diese Qualit\u00e4t, die Power und genau die Stimmung daf\u00fcr.<\/p>\n<p>Die perfekte Band f\u00fcr Ihr Event sollte auf h\u00f6chstem Niveau musizieren und singen, Freude mitbringen und durch ihre Performance Ihre G\u00e4ste kulturell \u00fcberzeugen.<\/p>\n<p>Musikalische<br \/>\nPerfektion Musikalische Perfektion, ein moderner Sound und erkennbare, <a href=\"https:\/\/smashdabup.com\/top-40-band-berlin\/\">zeitgem\u00e4\u00dfe Hits<\/a> sorgen f\u00fcr gute Laune und Wohlgef\u00fchl. Soll getanzt werden, sind es auch genau diese Aspekte, die die Tanzfl\u00e4che in allerk\u00fcrzester Zeit f\u00fcllen.<\/p>\n<p>Smashdab Up! hat die Power, die Aktualit\u00e4t, das Niveau und das kulturelle Feingef\u00fchl, denn die Mitglieder von Smashdab Up! sind Absolventen der besten Musikhochschulen weltweit.<\/p>\n<p>Aktuelle<br \/>\n Sounds Smashdab Up! wartet mit unerreicht aktuellen Sounds auf. Diese Sounds entstehen durch extra entwickelte Electronics aus der DJ-Welt, wir nennen sie DJ-Tools.<br \/>\nDiese Tools sind eine exklusive Neuentwicklung f\u00fcr Smashdab Up!.<br \/>\nDie aktuellen Songs aus den Hit-Listen im Radio und dem Internet erklingen im Original-Sound, so da\u00df sich Ihre G\u00e4ste sofort das Klangerlebnis aus den Medien erinnern.<\/p>\n<p>Die Tanzfl\u00e4che ist erfahrungsgem\u00e4\u00df sofort gef\u00fcllt.<\/p>\n<p><a href=\"\/\">To Smashdab Up! <\/a><\/p>\n","protected":false},"excerpt":{"rendered":"<p class=\"excerpt\">Smashdab Up! Die Band f\u00fcr Events und Firmenevents Highlight Live-Musik Jedes gro\u00dfe Event, jede gro\u00dfe Feier, Betriebsfeier, Weihnachtsfeier, Er\u00f6ffnung, jedes Jubil\u00e4um verdient ein wichtiges Highlight: Livemusik. Ihre Kollegen, Ihre Mitarbeiter, Ihre Kunden und Ihre G\u00e4ste sollen sich schlie\u00dflich an ein unvergessliches Erlebnis zur\u00fcckerinnen. Auch im Rahmenprogramm zu Vortr\u00e4gen und Produktpr\u00e4sentationen unterstreicht professionelle Live-Musik Ihren Stil [&hellip;]<\/p>\n","protected":false},"author":1,"featured_media":0,"parent":0,"menu_order":0,"comment_status":"closed","ping_status":"closed","template":"builder.php","meta":{"footnotes":""},"class_list":["post-2104","page","type-page","status-publish","hentry"],"_links":{"self":[{"href":"https:\/\/smashdabup.com\/en\/wp-json\/wp\/v2\/pages\/2104","targetHints":{"allow":["GET"]}}],"collection":[{"href":"https:\/\/smashdabup.com\/en\/wp-json\/wp\/v2\/pages"}],"about":[{"href":"https:\/\/smashdabup.com\/en\/wp-json\/wp\/v2\/types\/page"}],"author":[{"embeddable":true,"href":"https:\/\/smashdabup.com\/en\/wp-json\/wp\/v2\/users\/1"}],"replies":[{"embeddable":true,"href":"https:\/\/smashdabup.com\/en\/wp-json\/wp\/v2\/comments?post=2104"}],"version-history":[{"count":27,"href":"https:\/\/smashdabup.com\/en\/wp-json\/wp\/v2\/pages\/2104\/revisions"}],"predecessor-version":[{"id":12239,"href":"https:\/\/smashdabup.com\/en\/wp-json\/wp\/v2\/pages\/2104\/revisions\/12239"}],"wp:attachment":[{"href":"https:\/\/smashdabup.com\/en\/wp-json\/wp\/v2\/media?parent=2104"}],"curies":[{"name":"wp","href":"https:\/\/api.w.org\/{rel}","templated":true}]}}