{"id":2116,"date":"2018-01-04T22:02:23","date_gmt":"2018-01-04T21:02:23","guid":{"rendered":"http:\/\/smashdabup.com\/top-40-band-berlin-kopieren-2\/"},"modified":"2025-12-27T13:43:09","modified_gmt":"2025-12-27T12:43:09","slug":"hochzeitsband-berlin","status":"publish","type":"page","link":"https:\/\/smashdabup.com\/en\/hochzeitsband-berlin\/","title":{"rendered":"Hochzeitsband Berlin"},"content":{"rendered":"\n<p>Smashdab Up!<br \/>\nDie Band f\u00fcr Hochzeiten<br \/>\nDie eigene Hochzeit ist der allerwichtigste Tag Ihres Lebens!<\/p>\n<p>Der wichtigste<br \/>\nTag<br \/>\nSie heiraten den tollsten Menschen in Ihrem Leben, und m\u00f6chten dies mit den sch\u00f6nsten Augenblicken kr\u00f6nen.<\/p>\n<p>Sie w\u00fcnschen sich f\u00fcr die G\u00e4ste Ihrer Hochzeitsfeier, an den harmonischen, emotionellen, aber auch ausgelassenen und verr\u00fcckten Momenten teilzuhaben und diese nie wieder zu vergessen.<\/p>\n<p>Und so sehen Sie dann auch schon so einige Aufgaben vor sich, die bew\u00e4ltigt werden wollen:<\/p>\n<p>Sie haben sich bestimmt schon Ihre Gedanken \u00fcber den festlichen Rahmen der Hochzeitsfeier gemacht.<\/p>\n<p>Alles muss<br \/>\nstimmen Die Location, das Restaurant und der Ballsaal wollen sensibel ausgew\u00e4hlt sein.<\/p>\n<p>Das Men\u00fc, das Buffet und die Snacks zwischendurch sind ein weiterer Punkt, sowie die Auswahl der gereichten Getr\u00e4nke. Weine, Biere und Schn\u00e4pse sind dabei genau so wichtig, wie die antialkoholischen Getr\u00e4nke f\u00fcr die eingeladenen Kinder, Senioren und Abstinenzler.<\/p>\n<p>Ein guter Catering-Service oder ein gut gef\u00fchrtes Restaurant nimmt Ihnen diese Aufgabe gern ab und entlastet Sie so von vielen organisatiorischen Aufgaben.<\/p>\n<p>Ein Florist muss herangezogen werden, um den Brautstrau\u00df, Brautjungfern-Str\u00e4u\u00dfe, und die Garnitur Ihrer Lieblings-Location in einer Sch\u00f6nheit herzustellen, wie Sie es sich w\u00fcnschen und vorstellen.<\/p>\n<p>Dann kommt nat\u00fcrlich die Sitzordnung f\u00fcr die geladenen G\u00e4ste zu Gespr\u00e4ch.<\/p>\n<p>Ein Fotograf darf nat\u00fcrlich ebenfalls nicht fehlen, denn dieser wichtigste Tag f\u00fcr das Brautpaar muss nat\u00fcrlich festgehalten werden.<\/p>\n<p>Ein hervorragender Konditor fertigt Ihnen die wundersch\u00f6nste Hochzeitstorte an.<\/p>\n<p>Auch ein ausgezeichneter Friseur, darf nat\u00fcrlich nicht fehlen, der die Braut und den Br\u00e4utigam vor dem gro\u00dfen Tag noch in das beste Licht r\u00fcckt.<\/p>\n<p>Wahrscheinlich m\u00f6chten Sie auch, dass Ihre G\u00e4ste am oder nahe der Feier \u00fcbernachten k\u00f6nnen. Gute Hotelzimmer f\u00fcr die Lieben bleiben immer in guter Erinnerung.<\/p>\n<p>DJ und<br \/>\nTechnik Zus\u00e4tzlich zur Livemusik einer gro\u00dfartigen Band empfiehlt es sich, einen DJ dazuzubuchen. Dieser sorgt f\u00fcr Abwechsung und einen Fortgang der Party im Anschluss an den Live-Act und in den Pausen.<br \/>\nWir finden f\u00fcr Sie gern den passenden DJ. Fragen Sie uns.<\/p>\n<p>Auch bei der Auswahl der Soundanlage, der sogenannten PA, die die Band, den DJ und die Ansprachen der G\u00e4ste in einem kraftvollen, aber nicht allzu lauten und unagressiven Sound erklingen l\u00e4sst, helfen wir Ihnen ebenfalls gern.<br \/>\nSmashdab Up! besorgt Ihnen genau die richtige PA, die Ihre Party mit satten, unaufdringlichen B\u00e4ssen und einem transparenten Klang beschallt. Wichtig ist n\u00e4mlich, dass ein relativ leiser Klang schon gen\u00fcgend W\u00e4rme hat, damit ein guter Sound nicht \u00fcber eine zu hohe Lautst\u00e4rke erreicht werden muss. Dies ist ein oft falsch verstandener Aspekt, der sowohl von Veranstaltungsfirmen, als auch von den Planern einer Party allzuoft unzureichend bedacht wird.<\/p>\n<p>Denn: Nicht laut muss es sein, sonden gut muss es klingen.<\/p>\n<p>Auswahl der<br \/>\nMusik Um die Hochzeit aber wirklich unvergesslich zu machen, ist vor Allem die sorgf\u00e4ltige <a href=\"https:\/\/smashdabup.com\/smashdabup-70s-80s\/\">Auswahl der richtigen Musik<\/a> sehr wichtig.<\/p>\n<p>Die <a href=\"https:\/\/smashdabup.com\">professionelle Hochzeitsband Smashdab Up!<\/a> hat Dekaden an B\u00fchnenerfahrung auf Hochzeiten und <a href=\"https:\/\/smashdabup.com\/galaband-berlin\/\">Jubil\u00e4en<\/a> jeder Art.<\/p>\n<p>Gern beraten wir Sie bei speziellen Musik-St\u00fccken f\u00fcr den Brautwalzer, oder \u00e4hnliche, die Feier bereichernde Specials.<\/p>\n<p>Nat\u00fcrlich sollte eine Hochzeitsband auf h\u00f6chstem Niveau spielen und singen. Spielfreude und Power sind die Qualit\u00e4ten, die Ihre G\u00e4ste innerhalb k\u00fcrzester Zeit auf die Tanzfl\u00e4che einladen.<br \/>\nJe moderner der Sound, je erkennbarer die <a href=\"https:\/\/smashdabup.com\/top-40-band-berlin\/\">zeitgem\u00e4\u00dfen Hits<\/a>, desto schneller ist die Tanzfl\u00e4che gef\u00fcllt.<\/p>\n<p>Smashdab Up! spielt mit Power, Aktualit\u00e4t und Niveau und mit super-professionellem Sound.<\/p>\n<p>Dieser Sound wird durch extra entwickelte Electronics aus der DJ-Welt erreicht, die sogenannten DJ-Tools.<br \/>\nDiese Tools wurden exklusiv f\u00fcr Smashdab Up! entwickelt und sorgen f\u00fcr einen sofortigen Wiedererkennungswert der aktuellen Songs aus den Hit-Listen im Radio und dem Internet.<\/p>\n<p>Bescheren Sie sich und Ihren G\u00e4sten Sie ein unvergessliches Erlebnis, an das diese sich gern zur\u00fcckerinnern werden.<\/p>\n<p><a href=\"\/\">back to Smashdab Up! <\/a><\/p>\n","protected":false},"excerpt":{"rendered":"<p class=\"excerpt\">Smashdab Up! Die Band f\u00fcr Hochzeiten Die eigene Hochzeit ist der allerwichtigste Tag Ihres Lebens! Der wichtigste Tag Sie heiraten den tollsten Menschen in Ihrem Leben, und m\u00f6chten dies mit den sch\u00f6nsten Augenblicken kr\u00f6nen. Sie w\u00fcnschen sich f\u00fcr die G\u00e4ste Ihrer Hochzeitsfeier, an den harmonischen, emotionellen, aber auch ausgelassenen und verr\u00fcckten Momenten teilzuhaben und diese [&hellip;]<\/p>\n","protected":false},"author":1,"featured_media":0,"parent":0,"menu_order":0,"comment_status":"closed","ping_status":"closed","template":"builder.php","meta":{"footnotes":""},"class_list":["post-2116","page","type-page","status-publish","hentry"],"_links":{"self":[{"href":"https:\/\/smashdabup.com\/en\/wp-json\/wp\/v2\/pages\/2116","targetHints":{"allow":["GET"]}}],"collection":[{"href":"https:\/\/smashdabup.com\/en\/wp-json\/wp\/v2\/pages"}],"about":[{"href":"https:\/\/smashdabup.com\/en\/wp-json\/wp\/v2\/types\/page"}],"author":[{"embeddable":true,"href":"https:\/\/smashdabup.com\/en\/wp-json\/wp\/v2\/users\/1"}],"replies":[{"embeddable":true,"href":"https:\/\/smashdabup.com\/en\/wp-json\/wp\/v2\/comments?post=2116"}],"version-history":[{"count":8,"href":"https:\/\/smashdabup.com\/en\/wp-json\/wp\/v2\/pages\/2116\/revisions"}],"predecessor-version":[{"id":12238,"href":"https:\/\/smashdabup.com\/en\/wp-json\/wp\/v2\/pages\/2116\/revisions\/12238"}],"wp:attachment":[{"href":"https:\/\/smashdabup.com\/en\/wp-json\/wp\/v2\/media?parent=2116"}],"curies":[{"name":"wp","href":"https:\/\/api.w.org\/{rel}","templated":true}]}}