{"id":4638,"date":"2018-01-11T14:49:46","date_gmt":"2018-01-11T13:49:46","guid":{"rendered":"http:\/\/smashdabup.com\/impressum-kopieren\/"},"modified":"2025-12-27T13:43:08","modified_gmt":"2025-12-27T12:43:08","slug":"partyband-aus-berlin-smashdab-up","status":"publish","type":"page","link":"https:\/\/smashdabup.com\/en\/","title":{"rendered":"Partyband from Berlin |\u00a0Smashdab Up!"},"content":{"rendered":"<p><img decoding=\"async\" src=\"\" \/><\/p>\n<p>Smashdab Up!<br \/>\n Partyband <\/p>\n<p>Aktuelle Dance-Hits:<\/p>\n<p>Live! <\/p>\n<p>Videos &amp; Fotos<br \/>\nAllVideo Recent HitsVideo 70&#039;s &amp; 80&#039;s Pictures Soul-R&amp;B-MotownLED-Drums+Sax\t\t\t\t<\/p>\n<p><img decoding=\"async\" src=\"https:\/\/smashdabup.com\/wp-content\/uploads\/2019\/04\/thumvideo_24__425x239.png\" \/><\/p>\n<p><a href=\"\/\">Video Aktuelle Hits <\/a><\/p>\n<p><img decoding=\"async\" src=\"https:\/\/smashdabup.com\/wp-content\/uploads\/2019\/04\/thumvideo7080_23_425x239.png\" \/><\/p>\n<p><a href=\"\/70s-80s\">Video 70&#8217;s &amp; 80&#8217;s <\/a><\/p>\n<p><img decoding=\"async\" src=\"https:\/\/smashdabup.com\/wp-content\/uploads\/2019\/04\/thum_estrel_02_425x239.jpg\" \/><\/p>\n<p><a href=\"\/gal01\">Fotos <\/a><\/p>\n<p><img decoding=\"async\" src=\"https:\/\/smashdabup.com\/wp-content\/uploads\/2019\/04\/thum_leipzig_425x239.png\" \/><\/p>\n<p><a href=\"\/gal02\">Fotos <\/a><\/p>\n<p><img decoding=\"async\" src=\"https:\/\/smashdabup.com\/wp-content\/uploads\/2019\/04\/thum_sportler_425x239.png\" \/><\/p>\n<p><a href=\"\/gal04\">Fotos <\/a><\/p>\n<p><img decoding=\"async\" src=\"https:\/\/smashdabup.com\/wp-content\/uploads\/2019\/04\/thum_dhl02_425x239.png\" \/><\/p>\n<p><a href=\"\/gal06\">Fotos <\/a><\/p>\n<p><img decoding=\"async\" src=\"https:\/\/smashdabup.com\/wp-content\/uploads\/2019\/04\/thum_motorwerk_425x239.png\" \/><\/p>\n<p><a href=\"\/gal07\">Fotos <\/a><\/p>\n<p><img decoding=\"async\" src=\"https:\/\/smashdabup.com\/wp-content\/uploads\/2019\/04\/Smashdab-Soul-Logo_06.jpg\" \/><\/p>\n<p><a href=\"https:\/\/smashdab-soul.de\">Soul-R&amp;B-Motown<\/a><\/p>\n<p><img decoding=\"async\" src=\"https:\/\/smashdabup.com\/wp-content\/uploads\/2019\/04\/LED-DrumsSax-Logo_03.jpg\" \/><\/p>\n<p><a href=\"https:\/\/led-drums.de\">LED-Drums+Sax<\/a><\/p>\n<p>Hier erreichen Sie uns<br \/>\nWir freuen uns auf Sie <\/p>\n<p>Smashdab Up!<\/p>\n<p>Ansprechpartner: Kai Schoenburg<br \/>\n\t\t\t\t<a href=\"tel:\/\/00491733529049\">mobile: +49 (0) 173 3529049<\/p>\n<p>+49 (0) 30 896779322<\/a>\u202c<br \/>\n<a href=\"mailto:info@SmashdabUp.com\">info@SmashdabUp.com<\/a> <a href=\"mailto:info@SmashdabUp.com\"> <\/a> <a href=\"mailto:evgeniya@smashdabup.com\"><\/a>\t\t\t\t<\/p>\n<p>Ausgew\u00e4hlte Credits<\/p>\n<p><img decoding=\"async\" src=\"https:\/\/smashdabup.com\/wp-content\/uploads\/2018\/01\/MB-Bank.png\" \/><\/p>\n<p><a href=\"http:\/\/mercedes-benz-bank.de\">Mercedes-Benz Bank AG<\/a><\/p>\n<p><img decoding=\"async\" src=\"https:\/\/smashdabup.com\/wp-content\/uploads\/2018\/01\/vodafone_transp.png\" \/><\/p>\n<p><a href=\"http:\/\/vodafone.com\/\">Vodafone Group<\/a><\/p>\n<p><img decoding=\"async\" src=\"https:\/\/smashdabup.com\/wp-content\/uploads\/2017\/12\/DHL_GmbH.png\" \/><\/p>\n<p><a href=\"http:\/\/dhl.de\">DHL GmbH<\/a><\/p>\n<p><img decoding=\"async\" src=\"https:\/\/smashdabup.com\/wp-content\/uploads\/2017\/12\/FALKE_Gruppe_KGaA.png\" \/><\/p>\n<p><a href=\"http:\/\/unternehmen.falke.com\/\">FALKE Gruppe<\/a><\/p>\n<p><img decoding=\"async\" src=\"https:\/\/smashdabup.com\/wp-content\/uploads\/2017\/12\/Dussmann_Stiftung_KGaA.png\" \/><\/p>\n<p><a href=\"http:\/\/dussmanngroup.com\">Dussmann Group<\/a><\/p>\n<p><img decoding=\"async\" src=\"https:\/\/smashdabup.com\/wp-content\/uploads\/2017\/12\/Berlin_Chemie_AG.png\" \/><\/p>\n<p><a href=\"http:\/\/berlin-chemie.de\">BERLIN CHEMIE AG<\/a><\/p>\n<p><img decoding=\"async\" src=\"https:\/\/smashdabup.com\/wp-content\/uploads\/2017\/12\/champions_sportler_small.png\" \/><\/p>\n<p><a href=\"http:\/\/champions-berlin.de\">Sportler des Jahres<\/a><\/p>\n<p><img decoding=\"async\" src=\"https:\/\/smashdabup.com\/wp-content\/uploads\/2017\/12\/Estrel_Berlin_Hotel_Congress_Center.png\" \/><\/p>\n<p><a href=\"http:\/\/estrel.com\/\">Estrel Berlin Hotel Congress Center<\/a><\/p>\n<p><img decoding=\"async\" src=\"https:\/\/smashdabup.com\/wp-content\/uploads\/2017\/12\/IPV_Industrie_Pensions_Verein.png\" \/><\/p>\n<p><a href=\"http:\/\/ipv.de\">IPV Industrie Pensions Verein<\/a><\/p>\n<p><img decoding=\"async\" src=\"https:\/\/smashdabup.com\/wp-content\/uploads\/2019\/07\/jet_Tankstellen.png\" \/><\/p>\n<p><a href=\"http:\/\/jet-tankstellen.de\/\">jet-Tankstellen<\/a><\/p>\n<p><img decoding=\"async\" src=\"https:\/\/smashdabup.com\/wp-content\/uploads\/2017\/12\/Open_Grid_Europe_GmbH.png\" \/><\/p>\n<p><a href=\"http:\/\/open-grid-europe.com\/\">Open Grid Europe GmbH<\/a><\/p>\n<p><img decoding=\"async\" src=\"https:\/\/smashdabup.com\/wp-content\/uploads\/2017\/12\/Opernball_Leipzig_GmbH.png\" \/><\/p>\n<p><a href=\"http:\/\/leipziger-opernball.com\/\">Opernball Leipzig GmbH<\/a><\/p>\n<p><img decoding=\"async\" src=\"https:\/\/smashdabup.com\/wp-content\/uploads\/2017\/12\/WECC_Westhafen_Event_Convention_Center.png\" \/><\/p>\n<p><a href=\"http:\/\/wecc.de\/\">WECC Westhafen Event Convention Center<\/a><\/p>\n<p><img decoding=\"async\" src=\"https:\/\/smashdabup.com\/wp-content\/uploads\/2017\/12\/Wintergarten-Variete_Berlin.png\" \/><\/p>\n<p><a href=\"http:\/\/wintergarten-berlin.de\/\">Wintergarten-Variete Berlin<\/a><\/p>\n<p><img decoding=\"async\" src=\"https:\/\/smashdabup.com\/wp-content\/uploads\/2017\/12\/ZIEGERT_Bank_Immobilienconsulting_GmbH.png\" \/><\/p>\n<p><a href=\"http:\/\/ziegert-immobilien.de\/\">ZIEGERT Bank Immobilien Consulting GmbH<\/a><\/p>\n<p><img decoding=\"async\" src=\"https:\/\/smashdabup.com\/wp-content\/uploads\/2017\/12\/ZVEI_Zentralverband_Elektrotechnik_Elektronikindustrie.png\" \/><\/p>\n<p><a href=\"http:\/\/zvei.org\/\">ZVEI Zentralverband Elektrotechnik<\/a><\/p>\n<p>\u00dcber UnsSmashdab Up! ist das neue, unverbrauchte Party-Musik-Projekt aus Berlin.\u2028<\/p>\n<p>Zwei S\u00e4nger, eine Band, DJ-Tools.<\/p>\n<p>Unsere gro\u00dfartigen Musiker und S\u00e4nger kommen aus vielen unterschiedlichen Nationen, darunter England, USA, Barbados, S\u00fcdafrika, Italien, Spanien und m\u00fcssen den internationalen Vergleich nicht scheuen.<\/p>\n<p>Unser Konzept Zwei gro\u00dfartige S\u00e4nger mit einer furiosen Live-Band und dem Einsatz von DJ-Tools bringen Ihr Event zum Kochen.<\/p>\n<p>Die Verbindung aus jahrelanger Erfahrung im Party- und Eventgesch\u00e4ft und neuen Technologien aus der DJ-Welt schafft ein neuartiges Sound- und Musikerlebnis.<\/p>\n<p>Ein lang ersehntes Konzept wird jetzt erstmalig Realit\u00e4t, mit Smashdab Up!<\/p>\n<p>70&#8217;s und 80&#8217;s optional Jede Party, jedes Event startet richtig durch, wenn die Live-Musik stimmt.<\/p>\n<p>Bevorzugen Ihre G\u00e4ste m\u00f6glicherweise die gro\u00dfen Radio-Hits aus den Siebziger- und Achtziger-Jahren?<\/p>\n<p>Dann schalten wir um auf unser Repertoire aus dieser Zeit.<\/p>\n<p>Schauen und h\u00f6ren Sie hierzu unser 70er und 80er Video und unsere 70er und 80er Songliste.<\/p>\n<p>Unsere Technologie <\/p>\n<p>Mit den DJ-Tools feuern wir die modernen Sounds der aktuellen Hits ab.<\/p>\n<p>Das Neuartige daran:<\/p>\n<p>Der kraftvolle Sound erinnert an einen DJ, die Band spielt und singt aber LIVE.<\/p>\n<p>So ist die B\u00fchne gef\u00fcllt mit geballtem musikalischen Talent. Show und Inspiration wechseln mit niveauvollen und kraftvollen Soli und Interaktionen mit dem Publikum.<\/p>\n<p>Unser Line-UpBei Bedarf erweitern wir unser Line-Up durch weitere K\u00fcnstler aus unserem professionellen Pool aus S\u00e4ngern und Instrumentalisten, f\u00fcr dessen Qualit\u00e4t und Inspiriertheit unser Name Smashdab Up! steht.<\/p>\n<p>Buchen Sie uns <\/p>\n<p>Smashdab Up! ist buchbar f\u00fcr jede Art Party und Event:<\/p>\n<p>Firmengalas, Feiern aller Art, Hochzeiten, kleine B\u00fchnen, gro\u00dfe B\u00fchnen, Open Air oder im Konzertsaal.<\/p>\n<p>Wir \u00e4ndern gern Ihren W\u00fcnschen entsprechend das Line-Up und nehmen z.B. gern einen coolen Saxophonisten und auch weitere Musiker hinzu.<\/p>\n<p>Song-Listen<br \/>\nBrandaktuelle Hits auf h\u00f6chstem Niveau sind unser Aush\u00e4ngeschild.<\/p>\n<p>Bevorzugen Ihre G\u00e4ste m\u00f6glicherweise die gro\u00dfen Radio-Hits aus den Siebziger- und Achtziger-Jahren?<\/p>\n<p>Dann schalten wir um auf unser Repertoire aus dieser Zeit.<\/p>\n<p>Aktuelle Smash Hits<br \/>\nIm aktuellen Sound<\/p>\n<p>2 Die 4 (ToveLo)<br \/>\n24 Karat Magic (Bruno Mars)<br \/>\nAbout Damn TIme (Lizzo)<br \/>\nAll About That Bass (Meghan Trainor)<br \/>\nAttention (Charlie Puth)<br \/>\nBarbara Streisand (Duck Sauce)<br \/>\nBED (Joel Corry)<br \/>\nBlurred Lines (Robin Thicke)<br \/>\nBody (Loud Luxury)<br \/>\nBreak Free (Ariana Grande)<br \/>\nCake By The Ocean (DNCE)<br \/>\nCalifornia Girls (Katie Perry)<br \/>\nCall Me Maybe (Carly Rae Jepsen)<br \/>\nCalm Down (Rema\/Selena Gomez)<br \/>\nCan&#8217;t Stop The Feeling (Justin Timberlake)<br \/>\nCloser (Chainsmokers)<br \/>\nCloser (NeYo)<br \/>\nCold Heart (Dua Lipa Elton John)<br \/>\nDance Monkey (Tones and I)<br \/>\nDomino (Jessie J.)<br \/>\nDon&#8217;t Start Now (Dua Lipa)<br \/>\nDon&#8217;t Worry (Madcon)<br \/>\nDynamite (BTS)<br \/>\nDynamite (Taio Cruz)<br \/>\nFeel It Still (Portugal The Man)<br \/>\nFinesse (Bruno Mars)<br \/>\nFlames (Sia, David Guetta)<br \/>\nFly Away (Lenny Kravitz)<br \/>\nForget You (Cee Lo Green)<br \/>\nGet Lucky (Daft Punk)<br \/>\nGet This Party Started (Pink)<br \/>\nHabits | Stay High (Tove Lo)<br \/>\nHappy (Pharell Williams)<br \/>\nHow Deep Is Your Love (Calvin Harris)<br \/>\n\t\t\t\tAktuelle Smash Hits<br \/>\nIm aktuellen Sound<\/p>\n<p>I Feel It Coming (The Weeknd)<br \/>\nI Follow Rivers (Lykke Li)<br \/>\nI Got A Feeling (Black Eyed Peas)<br \/>\nI Need A Dollar (Aloe Blacc)<br \/>\nI&#8217;m Good (David Guetta \/ Bebe Rexha)<br \/>\nI&#8217;m Not Here To Make Friends (Sam Smith)<br \/>\nJackie Chan (Post Malone, Tiesto)<br \/>\nJust The Way You Are (Bruno Mars)<br \/>\nLevitating (Dua Lipa)<br \/>\nLocked Out Of Heaven (Bruno Mars)<br \/>\nLove Takes Over (Kelly Rowland)<br \/>\nMercy (Duffy)<br \/>\nMoves Like Jagger (Maroon 5)<br \/>\nMr. Saxobeat (Alexandra Stan)<br \/>\nNever Give Up (Sia)<br \/>\nNo Roots (Alice Merton)<br \/>\nNo Tears Left to Cry (Ariana Grande)<br \/>\nOne Kiss (Dua Lipa, Calvin Harris)<br \/>\nOnly Girl (Rihanna)<br \/>\nRather Be (Clean Bandit)<br \/>\nSay So (DojaCat)<br \/>\nSex On Fire (Kings Of Leon)<br \/>\nSexyback (Justin Timberlake)<br \/>\nShape Of You (Ed Sheeran)<br \/>\nShut Up And Dance (Walk The Moon)<br \/>\nSkate (Silk Sonic)<br \/>\nSugar (Robin Schulz)<br \/>\nTheres Nothing Holding Me Back (Shawn Mendes)<br \/>\nThis Girl (Kungs)<br \/>\nTreasure (Bruno Mars)<br \/>\nTurn Me On (Niki Minaj)<br \/>\nUnderdog (Alicia Keys)<br \/>\nUptown Funk (Bruno Mars)<br \/>\nWildberry Lillet (Nina Chuba)<br \/>\nYou Don&#8217;t Know Me (Jax Jones)<br \/>\n\t\t\t\t70&#8217;s &amp; 80&#8217;s<br \/>\nIm aktuellen Sound<\/p>\n<p>Ain \u0301t No Sunshine (Bill Withers)<br \/>\nAin&#8217;t Nobody (Chaka Khan)<br \/>\nAll Night Long (Lionel Richie)<br \/>\nBillie Jean (Michael Jackson)<br \/>\nBrick House (Commodores)<br \/>\nCant Get You Outta My Head (Kylie Minogue)<br \/>\nCelebration (Kool &amp; The Gang)<br \/>\nDont Stop Til You Get Enough (Michael Jackson<br \/>\nEmpire State Of Mind (NewYork, Alicia Keys)<br \/>\nFunkytown (Lipps Inc.)<br \/>\nGeorgia (Ray Charles)<br \/>\nHighway To Hell (ACDC)<br \/>\nI Just Cant Get Enough (Depeche Mode)<br \/>\nI Love Rock&#8217;n&#8217;Roll (Joan Jett)<br \/>\nI Wanna Dance with Somebody (Whitney Houston)<br \/>\nJump (Van Halen)<br \/>\nKilling me softly (Fugees)<br \/>\nKiss (Prince)<br \/>\nLadies Night (Kool and the Gang)<br \/>\nLady (Modjo)<br \/>\nLadyMarmalade (Moulin Rouge)<br \/>\nLe Freak (Chic)<br \/>\nLet The Music Play (Barry White)<br \/>\n\t\t\t\t70&#8217;s &amp; 80&#8217;s<br \/>\nIm aktuellen Sound<\/p>\n<p>Lets Dance (David Bowie)<br \/>\nLong Train Running (Hermes House Band)<br \/>\nLovelyDay_E_Smash<br \/>\nMy Girl (Temptations)<br \/>\nNever Gonna Give You Up (Rick Astley)<br \/>\nNever Too Much (George Benson)<br \/>\nNight Fever (Bee Gees)<br \/>\nNo Diggity (Blackstreet)<br \/>\nPopMuzik (M \/ Robin Scott)<br \/>\nRehab (Amy Winehouse)<br \/>\nRelax (Frankie Goes To Hollywood)<br \/>\nRespect (Aretha Franklin)<br \/>\nSatisfaction (Stones)<br \/>\nSeptember (Kool and the Gang)<br \/>\nShut Up And Dance (Walk The Moon)<br \/>\nSigned Sealed Delivered (Stevie Wonder)<br \/>\nSimply The Best (Tina Turner)<br \/>\nStand By Me (Ben E. King)<br \/>\nStayin Alive (Bee Gees)<br \/>\nStreetlife (Crusaders \/ Randy Crawford)<br \/>\nSweet Dreams (Eurythmics)<br \/>\nUpside Down (Diana Ross)<br \/>\nWe are Family (Sister Sledge)<br \/>\nYou Can Call Me Al (Paul Simon)<br \/>\nYou&#8217;re The First Last Everything (Barry White)\t\t\t\t\t\t\t\t<\/p>\n<p>Smashdab Up!<br \/>\nDie Band f\u00fcr Partys<br \/>\nBescheren Sie Ihren G\u00e4sten ein unvergessliches Erlebnis, an das diese sich gern zur\u00fcckerinnern werden.<\/p>\n<p>Ihre Party<br \/>\nIhr Event Sie planen eine gro\u00dfe Feier oder Party mit Freunden, Kollegen und lieben Menschen zu einem wichtigen Anlass?<\/p>\n<p>Eine gute Partyband bringt Ihnen genau die Stimmung, die Sie sich w\u00fcnschen.<\/p>\n<p>Die exklusiv selektierte Band f\u00fcr Ihre Party sollte auf h\u00f6chstem Niveau spielen und singen, Spielfreude mitbringen und durch ihre Power Ihre G\u00e4ste innerhalb k\u00fcrzester Zeit auf die Tanzfl\u00e4che locken.<\/p>\n<p>Je moderner der Sound, je erkennbarer die <a href=\"https:\/\/smashdabup.com\/top-40-band-berlin\/\">zeitgem\u00e4\u00dfen Hits<\/a>, desto schneller steigt die Stimmung in Ihrem Publikum und nachdem die ersten T\u00e4nzer sofort loslegen, ist nach allerk\u00fcrzester Zeit die Tanzfl\u00e4che gef\u00fcllt.<\/p>\n<p>Erkennbare Hits Die Tanzfl\u00e4che f\u00fcllt sich sofort Smashdab Up! spielt alle diese sehr aktuellen Dance-Hits in super-professioneller Ausf\u00fchrung und mit einem extrem aktuellen Sound.<\/p>\n<p>Dieser Sound wird durch neu entwickelte Electronics aus der DJ-Welt erreicht, unsere sogenannten DJ-Tools.<\/p>\n<p>Unsere Tools wurden exklusiv f\u00fcr die Band Smashdab Up! entwickelt und sorgen f\u00fcr einen sofortigen Wiedererkennungswert der <a href=\"https:\/\/smashdabup.com\/top-40-band-berlin\/\">aktuellen Songs aus den Hit-Listen im Radio und dem Internet<\/a>.<\/p>\n<p>Technik f\u00fcr Ihr Event Ton und Licht Die Verst\u00e4rkeranlage, auch genannt PA, die dem Veranstaltungsraum Ihrer Party den besten Sound produziert, k\u00f6nnen Sie ebenfalls bei uns anfragen.\u2028Wir freuen uns, Ihnen auch dabei zu helfen.<\/p>\n<p>Ebenso k\u00f6nnen Sie das Licht f\u00fcr die B\u00fchne und den Saal des Events bei uns in Auftrag geben.<\/p>\n<p>Auch bei allen weiteren Fragen rund um Ihre <a href=\"https:\/\/smashdabup.com\/hochzeitsband-berlin\/\">Feier<\/a>, Ihr Event und Ihre Party stehen wir Ihnen mit unserer langj\u00e4hrigen erfolgreichen Erfahrung und mit Rat und Tat zur Seite.<\/p>\n<p>Nichts ist unm\u00f6glich und Smashdab Up! sorgt f\u00fcr das Highlight. Wir freuen uns auf Sie.<\/p>\n","protected":false},"excerpt":{"rendered":"<p class=\"excerpt\">Smashdab Up! Partyband Aktuelle Dance-Hits: Live! Videos &amp; Fotos AllVideo Recent HitsVideo 70&#039;s &amp; 80&#039;s Pictures Soul-R&amp;B-MotownLED-Drums+Sax Video Aktuelle Hits Video 70&#8217;s &amp; 80&#8217;s Fotos Fotos Fotos Fotos Fotos Soul-R&amp;B-Motown LED-Drums+Sax Hier erreichen Sie uns Wir freuen uns auf Sie Smashdab Up! Ansprechpartner: Kai Schoenburg mobile: +49 (0) 173 3529049 +49 (0) 30 896779322\u202c info@SmashdabUp.com [&hellip;]<\/p>\n","protected":false},"author":1,"featured_media":0,"parent":0,"menu_order":0,"comment_status":"closed","ping_status":"closed","template":"builder.php","meta":{"footnotes":""},"class_list":["post-4638","page","type-page","status-publish","hentry"],"_links":{"self":[{"href":"https:\/\/smashdabup.com\/en\/wp-json\/wp\/v2\/pages\/4638","targetHints":{"allow":["GET"]}}],"collection":[{"href":"https:\/\/smashdabup.com\/en\/wp-json\/wp\/v2\/pages"}],"about":[{"href":"https:\/\/smashdabup.com\/en\/wp-json\/wp\/v2\/types\/page"}],"author":[{"embeddable":true,"href":"https:\/\/smashdabup.com\/en\/wp-json\/wp\/v2\/users\/1"}],"replies":[{"embeddable":true,"href":"https:\/\/smashdabup.com\/en\/wp-json\/wp\/v2\/comments?post=4638"}],"version-history":[{"count":230,"href":"https:\/\/smashdabup.com\/en\/wp-json\/wp\/v2\/pages\/4638\/revisions"}],"predecessor-version":[{"id":12229,"href":"https:\/\/smashdabup.com\/en\/wp-json\/wp\/v2\/pages\/4638\/revisions\/12229"}],"wp:attachment":[{"href":"https:\/\/smashdabup.com\/en\/wp-json\/wp\/v2\/media?parent=4638"}],"curies":[{"name":"wp","href":"https:\/\/api.w.org\/{rel}","templated":true}]}}