{"id":8371,"date":"2019-04-15T21:14:55","date_gmt":"2019-04-15T19:14:55","guid":{"rendered":"http:\/\/smashdabup.com\/video01\/"},"modified":"2025-12-27T13:43:08","modified_gmt":"2025-12-27T12:43:08","slug":"70s-80s","status":"publish","type":"page","link":"https:\/\/smashdabup.com\/en\/70s-80s\/","title":{"rendered":"Smashdab Up! &#8211; 70&#8217;s and 80&#8217;s"},"content":{"rendered":"<p><img decoding=\"async\" src=\"https:\/\/smashdabup.com\/wp-content\/uploads\/2018\/05\/IMG_8073.jpg\" \/><\/p>\n<p>Die Band mit dem Sound der 70&#8217;s &amp; 80&#8217;s<br \/>\nJede <a href=\"https:\/\/smashdabup.com\/\">Party<\/a>, jedes <a href=\"https:\/\/smashdabup.com\/eventband-berlin\/\">Event<\/a> startet richtig durch, wenn die <a href=\"https:\/\/smashdabup.com\/hochzeitsband-berlin\/\">Live-Musik<\/a> stimmt.<\/p>\n<p><a href=\"https:\/\/smashdabup.com\/top-40-band-berlin\/\">Brandaktuelle Hits<\/a> auf h\u00f6chstem Niveau sind das Aush\u00e4ngeschild der Partyband Smashdab Up!<\/p>\n<p>Bevorzugen Ihre G\u00e4ste m\u00f6glicherweise die gro\u00dfen Radio-Hits aus den Siebziger- und Achtziger-Jahren?<\/p>\n<p>Dann schalten wir um auf unser Repertoire aus dieser Zeit.<\/p>\n<p>Ain&#8217;t Nobody (Chaka Khan)<br \/>\nAll Night Long (Lionel Ritchie)<br \/>\nBette Davis Eyes (Kim Carnes)<br \/>\nBillie Jean (Michael Jackson)<br \/>\nBorn To Be Alive (Patrick Hernandez)<br \/>\nCelebration (Kool and the Gang)<br \/>\nCloser (Ne-Yo)<br \/>\nDance with Somebody (Whitney Houston)<br \/>\nDon&#8217;t Stop Til You Get Enough (Michael Jackson)<br \/>\nDown Under (Men At Work)<br \/>\nFunkytown (Lipps Inc.)<br \/>\nI Just Cant Get Enough (Depeche Mode)<br \/>\nJump (Van Halen)<br \/>\nKiss (Prince)<br \/>\nLadies Night (Kool and the Gang)<br \/>\nLady (Modjo)<br \/>\nLe Freak (Chic)<br \/>\nLets Dance (David Bowie)<br \/>\nLike A Virgin (Madonna)<br \/>\nLongTrainRunning (Doobie Brothers)<\/p>\n<p>Never Gonna Give You Up (Rick Astley)<br \/>\nNight Fever (Bee Gees)<br \/>\nPop Muzik (M &#8211; Robin Scott)<br \/>\nRelax (Frankie Goes To hollywood)<br \/>\nSeptember (Kool and the Gang)<br \/>\nSigned, Sealed, Delivered (Stevie Wonder)<br \/>\nSimply The Best (Tina Turner)<br \/>\nSledgehammer (Peter Gabriel)<br \/>\nStayin Alive (Bee Gees)<br \/>\nSweet Dreams (Eurythmics)<br \/>\nThats The Way I Like It (KC And The Sunshine Band)<br \/>\nUnchain Your Heart (Joe Cocker)<br \/>\nUpside Down (Diana Ross)<br \/>\nVideo Killed The Radio Star (Buggles)<br \/>\nWe are Family (Sister Sledge)<br \/>\nYou Can Call Me Al (Paul Simon)<br \/>\nYou Can Leave Your Hat On (Joe Cocker)<br \/>\nYou Sexy Thing (Hot Chocolate)<\/p>\n<p><a href=\"\/\">To Smashdab Up! <\/a><\/p>\n","protected":false},"excerpt":{"rendered":"<p class=\"excerpt\">Die Band mit dem Sound der 70&#8217;s &amp; 80&#8217;s Jede Party, jedes Event startet richtig durch, wenn die Live-Musik stimmt. Brandaktuelle Hits auf h\u00f6chstem Niveau sind das Aush\u00e4ngeschild der Partyband Smashdab Up! Bevorzugen Ihre G\u00e4ste m\u00f6glicherweise die gro\u00dfen Radio-Hits aus den Siebziger- und Achtziger-Jahren? Dann schalten wir um auf unser Repertoire aus dieser Zeit. Ain&#8217;t [&hellip;]<\/p>\n","protected":false},"author":1,"featured_media":0,"parent":0,"menu_order":0,"comment_status":"closed","ping_status":"closed","template":"builder.php","meta":{"footnotes":""},"class_list":["post-8371","page","type-page","status-publish","hentry"],"_links":{"self":[{"href":"https:\/\/smashdabup.com\/en\/wp-json\/wp\/v2\/pages\/8371","targetHints":{"allow":["GET"]}}],"collection":[{"href":"https:\/\/smashdabup.com\/en\/wp-json\/wp\/v2\/pages"}],"about":[{"href":"https:\/\/smashdabup.com\/en\/wp-json\/wp\/v2\/types\/page"}],"author":[{"embeddable":true,"href":"https:\/\/smashdabup.com\/en\/wp-json\/wp\/v2\/users\/1"}],"replies":[{"embeddable":true,"href":"https:\/\/smashdabup.com\/en\/wp-json\/wp\/v2\/comments?post=8371"}],"version-history":[{"count":231,"href":"https:\/\/smashdabup.com\/en\/wp-json\/wp\/v2\/pages\/8371\/revisions"}],"predecessor-version":[{"id":12228,"href":"https:\/\/smashdabup.com\/en\/wp-json\/wp\/v2\/pages\/8371\/revisions\/12228"}],"wp:attachment":[{"href":"https:\/\/smashdabup.com\/en\/wp-json\/wp\/v2\/media?parent=8371"}],"curies":[{"name":"wp","href":"https:\/\/api.w.org\/{rel}","templated":true}]}}